{"id":49,"date":"2026-04-03T16:20:31","date_gmt":"2026-04-03T07:20:31","guid":{"rendered":"https:\/\/hbox.jp\/column\/?page_id=49"},"modified":"2026-04-03T16:20:31","modified_gmt":"2026-04-03T07:20:31","slug":"sitemap","status":"publish","type":"page","link":"https:\/\/hbox.jp\/column\/sitemap\/","title":{"rendered":"\u30b5\u30a4\u30c8\u30de\u30c3\u30d7"},"content":{"rendered":"<div class=\"wsp-container\"><h2 class=\"wsp-pages-title\">\u30da\u30fc\u30b8<\/h2>\n<ul class=\"wsp-pages-list\">\n<li class=\"page_item page-item-45\"><a href=\"https:\/\/hbox.jp\/column\/contact\/\">\u304a\u554f\u3044\u5408\u308f\u305b<\/a><\/li>\n<li class=\"page_item page-item-49\"><a href=\"https:\/\/hbox.jp\/column\/sitemap\/\">\u30b5\u30a4\u30c8\u30de\u30c3\u30d7<\/a><\/li>\n<li class=\"page_item page-item-3\"><a href=\"https:\/\/hbox.jp\/column\/privacy-policy\/\">\u30d7\u30e9\u30a4\u30d0\u30b7\u30fc\u30dd\u30ea\u30b7\u30fc<\/a><\/li>\n<li class=\"page_item page-item-47\"><a href=\"https:\/\/hbox.jp\/column\/about\/\">\u904b\u55b6\u8005\u60c5\u5831<\/a><\/li>\n<\/ul>\n<h2 class=\"wsp-posts-title\">\u30ab\u30c6\u30b4\u30ea\u30fc\u3054\u3068\u306e\u6295\u7a3f<\/h2>\n<ul class=\"wsp-posts-list\">\n\t<li><strong class=\"wsp-category-title\">\u30ab\u30c6\u30b4\u30ea\u30fc: <a href=\"https:\/\/hbox.jp\/column\/category\/bl\/\">BL\u30de\u30f3\u30ac<\/a><\/strong>\n<ul class=\"wsp-posts-list\">\t\t<li class=\"wsp-post\"><a href=\"https:\/\/hbox.jp\/column\/amedashi-free\/\">\u6f2b\u753b\u300e\u96e8\u3060\u3057\u6687\u3060\u3057\u672c\u6c17\u30aa\u30ca\u30cb\u30fc\u3057\u3088\u3063\u300f\u3092\u7121\u6599\u3067\u8aad\u3080\u65b9\u6cd5\u306f\u3042\u308b\uff1f\u304a\u3059\u3059\u3081\u306e\u96fb\u5b50\u66f8\u7c4d\u30b5\u30fc\u30d3\u30b9\u3082\u7d39\u4ecb<\/a><\/li>\n<\/ul><\/li>\n\t<li><strong class=\"wsp-category-title\">\u30ab\u30c6\u30b4\u30ea\u30fc: <a href=\"https:\/\/hbox.jp\/column\/category\/tl\/\">TL\u30de\u30f3\u30ac<\/a><\/strong>\n<ul class=\"wsp-posts-list\">\t\t<li class=\"wsp-post\"><a href=\"https:\/\/hbox.jp\/column\/dekaotokorinjinkyouai-free\/\">\u6f2b\u753b\u300e\u3010\u30c7\u30ab\u7537\u00d7\u57f7\u7740\u00d7\u6eba\u611b\u30ec\u2661\u30d7\u3011\u30c7\u30ab\u304f\u3066\u6016\u304f\u3066\u304b\u3063\u3053\u3044\u3044\u96a3\u4eba\u306e\u72c2\u611b\u3010\u3082\u3046\u4ffa\u306e\u3082\u3093\u3060\u304b\u3089\u306a\u2661\u3011\u300f\u3092\u7121\u6599\u3067\u8aad\u3080\u65b9\u6cd5\u306f\u3042\u308b\uff1f\u304a\u3059\u3059\u3081\u306e\u96fb\u5b50\u66f8\u7c4d\u30b5\u30fc\u30d3\u30b9\u3082\u7d39\u4ecb<\/a><\/li>\n\t\t<li class=\"wsp-post\"><a href=\"https:\/\/hbox.jp\/column\/houkaimorarity-free\/\">\u6f2b\u753b\u300e\u5d29\u58ca\u30e2\u30e9\u30ea\u30c6\u30a3\u301c\u5909\u614b\u7684\u9732\u51fa\u8863\u88c5\u306e\u7570\u4e16\u754c\u8ee2\u751f\u3060\u3051\u3069\u57f7\u4e8b\u3078\u306e\u604b\u3092\u8cab\u304d\u307e\u3059\u301c\u300f\u3092\u7121\u6599\u3067\u8aad\u3080\u65b9\u6cd5\u306f\u3042\u308b\uff1f\u304a\u3059\u3059\u3081\u306e\u96fb\u5b50\u66f8\u7c4d\u30b5\u30fc\u30d3\u30b9\u3082\u7d39\u4ecb<\/a><\/li>\n\t\t<li class=\"wsp-post\"><a href=\"https:\/\/hbox.jp\/column\/shinkanga-xxx-free\/\">\u6f2b\u753b\u300e\u65b0\u520a\u304c\u00d7\u00d7\u00d7\u306a\u306e\u306f\u58f2\u308a\u5b50\u306e\u305b\u3044\u3067\u3059\u300f\u3092\u7121\u6599\u3067\u8aad\u3080\u65b9\u6cd5\u306f\u3042\u308b\uff1f\u304a\u3059\u3059\u3081\u306e\u96fb\u5b50\u66f8\u7c4d\u30b5\u30fc\u30d3\u30b9\u3082\u7d39\u4ecb<\/a><\/li>\n\t\t<li class=\"wsp-post\"><a href=\"https:\/\/hbox.jp\/column\/kobonnoude-yashiiotto-free\/\">\u6f2b\u753b\u300e\u5b50\u7169\u60a9\u3067\u512a\u3057\u3044\u592b\u3001\u7d76\u502b\u96c4\u3005\u91ce\u7363\u5f62\u614b\u306b\u623b\u308b\u300f\u3092\u7121\u6599\u3067\u8aad\u3080\u65b9\u6cd5\u306f\u3042\u308b\uff1f\u304a\u3059\u3059\u3081\u306e\u96fb\u5b50\u66f8\u7c4d\u30b5\u30fc\u30d3\u30b9\u3082\u7d39\u4ecb<\/a><\/li>\n\t\t<li class=\"wsp-post\"><a href=\"https:\/\/hbox.jp\/column\/chiharakeisuke-free\/\">\u6f2b\u753b\u300e\u8305\u539f\u5553\u4f51\u306e\u00d7\u604b\u300f\u3092\u7121\u6599\u3067\u8aad\u3080\u65b9\u6cd5\u306f\u3042\u308b\uff1f\u304a\u3059\u3059\u3081\u306e\u96fb\u5b50\u66f8\u7c4d\u30b5\u30fc\u30d3\u30b9\u3082\u7d39\u4ecb<\/a><\/li>\n<\/ul><\/li>\n<\/ul>\n<\/div>\n","protected":false},"excerpt":{"rendered":"","protected":false},"author":1,"featured_media":0,"parent":0,"menu_order":0,"comment_status":"closed","ping_status":"closed","template":"","meta":{"swell_btn_cv_data":"","footnotes":""},"class_list":["post-49","page","type-page","status-publish","hentry"],"_links":{"self":[{"href":"https:\/\/hbox.jp\/column\/wp-json\/wp\/v2\/pages\/49","targetHints":{"allow":["GET"]}}],"collection":[{"href":"https:\/\/hbox.jp\/column\/wp-json\/wp\/v2\/pages"}],"about":[{"href":"https:\/\/hbox.jp\/column\/wp-json\/wp\/v2\/types\/page"}],"author":[{"embeddable":true,"href":"https:\/\/hbox.jp\/column\/wp-json\/wp\/v2\/users\/1"}],"replies":[{"embeddable":true,"href":"https:\/\/hbox.jp\/column\/wp-json\/wp\/v2\/comments?post=49"}],"version-history":[{"count":1,"href":"https:\/\/hbox.jp\/column\/wp-json\/wp\/v2\/pages\/49\/revisions"}],"predecessor-version":[{"id":50,"href":"https:\/\/hbox.jp\/column\/wp-json\/wp\/v2\/pages\/49\/revisions\/50"}],"wp:attachment":[{"href":"https:\/\/hbox.jp\/column\/wp-json\/wp\/v2\/media?parent=49"}],"curies":[{"name":"wp","href":"https:\/\/api.w.org\/{rel}","templated":true}]}}